{"id":38,"date":"2024-04-17T16:41:40","date_gmt":"2024-04-17T15:41:40","guid":{"rendered":"https:\/\/madamevegane.net\/?page_id=38"},"modified":"2026-01-21T10:39:58","modified_gmt":"2026-01-21T15:39:58","slug":"about","status":"publish","type":"page","link":"https:\/\/madamevegane.net\/fr\/about\/","title":{"rendered":"\u00c0 propos \u2502About"},"content":{"rendered":"<div data-elementor-type=\"wp-page\" data-elementor-id=\"38\" class=\"elementor elementor-38\" data-elementor-post-type=\"page\">\n\t\t\t\t<div class=\"elementor-element elementor-element-2b1920a e-flex e-con-boxed e-con e-parent\" data-id=\"2b1920a\" data-element_type=\"container\" data-e-type=\"container\">\n\t\t\t\t\t<div class=\"e-con-inner\">\n\t\t\t\t<div class=\"elementor-element elementor-element-de493eb elementor-widget elementor-widget-heading\" data-id=\"de493eb\" data-element_type=\"widget\" data-e-type=\"widget\" data-widget_type=\"heading.default\">\n\t\t\t\t<div class=\"elementor-widget-container\">\n\t\t\t\t\t<h2 class=\"elementor-heading-title elementor-size-default\">My Story<\/h2>\t\t\t\t<\/div>\n\t\t\t\t<\/div>\n\t\t\t\t<div class=\"elementor-element elementor-element-2b2dfc1 elementor-widget elementor-widget-heading\" data-id=\"2b2dfc1\" data-element_type=\"widget\" data-e-type=\"widget\" data-widget_type=\"heading.default\">\n\t\t\t\t<div class=\"elementor-widget-container\">\n\t\t\t\t\t<h2 class=\"elementor-heading-title elementor-size-default\">My Story | Mon histoire<\/h2>\t\t\t\t<\/div>\n\t\t\t\t<\/div>\n\t\t\t\t\t<\/div>\n\t\t\t\t<\/div>\n\t\t<div class=\"elementor-element elementor-element-3df7b91 e-con-full e-flex e-con e-parent\" data-id=\"3df7b91\" data-element_type=\"container\" data-e-type=\"container\">\n\t\t<div class=\"elementor-element elementor-element-f2de391 e-con-full e-flex e-con e-child\" data-id=\"f2de391\" data-element_type=\"container\" data-e-type=\"container\">\n\t\t\t\t<div class=\"elementor-element elementor-element-19006c0 elementor-widget elementor-widget-image\" data-id=\"19006c0\" data-element_type=\"widget\" data-e-type=\"widget\" data-widget_type=\"image.default\">\n\t\t\t\t<div class=\"elementor-widget-container\">\n\t\t\t\t\t\t\t\t\t\t\t\t\t\t\t<img fetchpriority=\"high\" decoding=\"async\" width=\"674\" height=\"1024\" src=\"https:\/\/madamevegane.net\/wp-content\/uploads\/2025\/07\/Untitled-987-x-1500-px-1-674x1024.jpg\" class=\"attachment-large size-large wp-image-1935\" alt=\"\" srcset=\"https:\/\/madamevegane.net\/wp-content\/uploads\/2025\/07\/Untitled-987-x-1500-px-1-674x1024.jpg 674w, https:\/\/madamevegane.net\/wp-content\/uploads\/2025\/07\/Untitled-987-x-1500-px-1-197x300.jpg 197w, https:\/\/madamevegane.net\/wp-content\/uploads\/2025\/07\/Untitled-987-x-1500-px-1-768x1167.jpg 768w, https:\/\/madamevegane.net\/wp-content\/uploads\/2025\/07\/Untitled-987-x-1500-px-1-600x912.jpg 600w, https:\/\/madamevegane.net\/wp-content\/uploads\/2025\/07\/Untitled-987-x-1500-px-1.jpg 987w\" sizes=\"(max-width: 674px) 100vw, 674px\" \/>\t\t\t\t\t\t\t\t\t\t\t\t\t\t\t<\/div>\n\t\t\t\t<\/div>\n\t\t\t\t<\/div>\n\t\t<div class=\"elementor-element elementor-element-85d3729 e-con-full e-flex e-con e-child\" data-id=\"85d3729\" data-element_type=\"container\" data-e-type=\"container\">\n\t\t<div class=\"elementor-element elementor-element-88b123f e-flex e-con-boxed e-con e-child\" data-id=\"88b123f\" data-element_type=\"container\" data-e-type=\"container\">\n\t\t\t\t\t<div class=\"e-con-inner\">\n\t\t\t\t\t<\/div>\n\t\t\t\t<\/div>\n\t\t<div class=\"elementor-element elementor-element-8ad98b0 e-flex e-con-boxed e-con e-child\" data-id=\"8ad98b0\" data-element_type=\"container\" data-e-type=\"container\">\n\t\t\t\t\t<div class=\"e-con-inner\">\n\t\t\t\t<div class=\"elementor-element elementor-element-365cfe8 elementor-widget elementor-widget-text-editor\" data-id=\"365cfe8\" data-element_type=\"widget\" data-e-type=\"widget\" data-widget_type=\"text-editor.default\">\n\t\t\t\t<div class=\"elementor-widget-container\">\n\t\t\t\t\t\t\t\t\t<p data-start=\"185\" data-end=\"584\">I\u2019m Nicole, a family-trained chef with over 25 years in hospitality and the founder of a Quebec-based plant-based food company. After transitioning from a traditional restaurant career to vegan cooking \u2014 and following a vegan lifestyle myself \u2014 I launched my business from scratch in 2021, becoming MAPAQ-certified, incorporating the company, and building distribution across 17 locations in Quebec.<\/p><p data-start=\"586\" data-end=\"924\">Driven by compassion for animals and a passion for accessible comfort food, I created our signature vegan cheeseburger burrito, which has consistently sold through specialty stores and vending machines. Today, the brand is transitioning into frozen products to scale production and expand distribution throughout Quebec and across Canada.<\/p><p data-start=\"208\" data-end=\"704\">Je m\u2019appelle Nicole. Je suis cheffe de formation familiale, avec plus de 25 ans d\u2019exp\u00e9rience en restauration, et fondatrice d\u2019une entreprise qu\u00e9b\u00e9coise d\u2019alimentation v\u00e9g\u00e9tale. Apr\u00e8s \u00eatre pass\u00e9e d\u2019une carri\u00e8re en restauration traditionnelle \u00e0 une cuisine v\u00e9gane \u2014 et en adoptant moi-m\u00eame un mode de vie v\u00e9gane \u2014 j\u2019ai lanc\u00e9 mon entreprise \u00e0 partir de z\u00e9ro en 2021. J\u2019ai obtenu la certification MAPAQ, incorpor\u00e9 l\u2019entreprise et d\u00e9velopp\u00e9 un r\u00e9seau de distribution dans 17 points de vente au Qu\u00e9bec.<\/p><p data-start=\"706\" data-end=\"1168\">Anim\u00e9e par la compassion envers les animaux et le d\u00e9sir d\u2019offrir une cuisine r\u00e9confortante et accessible, j\u2019ai cr\u00e9\u00e9 notre produit signature : le burrito cheeseburger v\u00e9gane, qui s\u2019est d\u00e9marqu\u00e9 par ses ventes constantes en \u00e9piceries sp\u00e9cialis\u00e9es et en distributrices automatiques. Aujourd\u2019hui, l\u2019entreprise amorce une transition vers des produits surgel\u00e9s afin d\u2019augmenter la capacit\u00e9 de production et d\u2019\u00e9largir la distribution \u00e0 l\u2019\u00e9chelle du Qu\u00e9bec et du Canada.<\/p><p data-start=\"586\" data-end=\"924\">\u00a0<\/p>\t\t\t\t\t\t\t\t<\/div>\n\t\t\t\t<\/div>\n\t\t\t\t\t<\/div>\n\t\t\t\t<\/div>\n\t\t\t\t<\/div>\n\t\t\t\t<\/div>\n\t\t<div class=\"elementor-element elementor-element-d837997 e-flex e-con-boxed e-con e-parent\" data-id=\"d837997\" data-element_type=\"container\" data-e-type=\"container\">\n\t\t\t\t\t<div class=\"e-con-inner\">\n\t\t\t\t\t<\/div>\n\t\t\t\t<\/div>\n\t\t\t\t<\/div>","protected":false},"excerpt":{"rendered":"<p>My Story My Story | Mon histoire I\u2019m Nicole, a family-trained chef with over 25 years in hospitality and the [&hellip;]<\/p>\n","protected":false},"author":1,"featured_media":0,"parent":0,"menu_order":2,"comment_status":"closed","ping_status":"closed","template":"","meta":{"site-sidebar-layout":"no-sidebar","site-content-layout":"","ast-site-content-layout":"full-width-container","site-content-style":"default","site-sidebar-style":"default","ast-global-header-display":"","ast-banner-title-visibility":"","ast-main-header-display":"","ast-hfb-above-header-display":"","ast-hfb-below-header-display":"","ast-hfb-mobile-header-display":"","site-post-title":"disabled","ast-breadcrumbs-content":"","ast-featured-img":"disabled","footer-sml-layout":"","ast-disable-related-posts":"","theme-transparent-header-meta":"","adv-header-id-meta":"","stick-header-meta":"","header-above-stick-meta":"","header-main-stick-meta":"","header-below-stick-meta":"","astra-migrate-meta-layouts":"default","ast-page-background-enabled":"default","ast-page-background-meta":{"desktop":{"background-color":"var(--ast-global-color-4)","background-image":"","background-repeat":"repeat","background-position":"center center","background-size":"auto","background-attachment":"scroll","background-type":"","background-media":"","overlay-type":"","overlay-color":"","overlay-opacity":"","overlay-gradient":""},"tablet":{"background-color":"","background-image":"","background-repeat":"repeat","background-position":"center center","background-size":"auto","background-attachment":"scroll","background-type":"","background-media":"","overlay-type":"","overlay-color":"","overlay-opacity":"","overlay-gradient":""},"mobile":{"background-color":"","background-image":"","background-repeat":"repeat","background-position":"center center","background-size":"auto","background-attachment":"scroll","background-type":"","background-media":"","overlay-type":"","overlay-color":"","overlay-opacity":"","overlay-gradient":""}},"ast-content-background-meta":{"desktop":{"background-color":"var(--ast-global-color-5)","background-image":"","background-repeat":"repeat","background-position":"center center","background-size":"auto","background-attachment":"scroll","background-type":"","background-media":"","overlay-type":"","overlay-color":"","overlay-opacity":"","overlay-gradient":""},"tablet":{"background-color":"var(--ast-global-color-5)","background-image":"","background-repeat":"repeat","background-position":"center center","background-size":"auto","background-attachment":"scroll","background-type":"","background-media":"","overlay-type":"","overlay-color":"","overlay-opacity":"","overlay-gradient":""},"mobile":{"background-color":"var(--ast-global-color-5)","background-image":"","background-repeat":"repeat","background-position":"center center","background-size":"auto","background-attachment":"scroll","background-type":"","background-media":"","overlay-type":"","overlay-color":"","overlay-opacity":"","overlay-gradient":""}},"footnotes":""},"class_list":["post-38","page","type-page","status-publish","hentry"],"jetpack_sharing_enabled":true,"_links":{"self":[{"href":"https:\/\/madamevegane.net\/fr\/wp-json\/wp\/v2\/pages\/38","targetHints":{"allow":["GET"]}}],"collection":[{"href":"https:\/\/madamevegane.net\/fr\/wp-json\/wp\/v2\/pages"}],"about":[{"href":"https:\/\/madamevegane.net\/fr\/wp-json\/wp\/v2\/types\/page"}],"author":[{"embeddable":true,"href":"https:\/\/madamevegane.net\/fr\/wp-json\/wp\/v2\/users\/1"}],"replies":[{"embeddable":true,"href":"https:\/\/madamevegane.net\/fr\/wp-json\/wp\/v2\/comments?post=38"}],"version-history":[{"count":206,"href":"https:\/\/madamevegane.net\/fr\/wp-json\/wp\/v2\/pages\/38\/revisions"}],"predecessor-version":[{"id":2750,"href":"https:\/\/madamevegane.net\/fr\/wp-json\/wp\/v2\/pages\/38\/revisions\/2750"}],"wp:attachment":[{"href":"https:\/\/madamevegane.net\/fr\/wp-json\/wp\/v2\/media?parent=38"}],"curies":[{"name":"wp","href":"https:\/\/api.w.org\/{rel}","templated":true}]}}